{"id":18897,"date":"2019-01-07T10:29:39","date_gmt":"2019-01-07T10:29:39","guid":{"rendered":"https:\/\/foodhub.modeltheme.com\/?page_id=18897"},"modified":"2025-11-25T12:01:32","modified_gmt":"2025-11-25T12:01:32","slug":"about-us","status":"publish","type":"page","link":"https:\/\/bucatarulcetatii.ro\/ro\/about-us\/","title":{"rendered":"Despre buc\u0103tarul cet\u0103\u021bii"},"content":{"rendered":"<div class=\"wpb-content-wrapper\"><div data-vc-full-width=\"true\" data-vc-full-width-temp=\"true\" data-vc-full-width-init=\"false\" class=\"vc_row wpb_row vc_row-fluid vc_custom_1580820861436\"><div class=\"wpb_column vc_column_container vc_col-sm-6\"><div class=\"vc_column-inner\"><div class=\"wpb_wrapper\"><div class=\"vc_empty_space\"   style=\"height: 50px\"><span class=\"vc_empty_space_inner\"><\/span><\/div><h2 style=\"font-size: 36px;color: #151515;line-height: 36px;text-align: right\" class=\"vc_custom_heading vc_do_custom_heading\" >Poveste, atmosfer\u0103, emo\u021bie<\/h2><div class=\"vc_empty_space\"   style=\"height: 20px\"><span class=\"vc_empty_space_inner\"><\/span><\/div>\n\t<div class=\"wpb_text_column wpb_content_element\" >\n\t\t<div class=\"wpb_wrapper\">\n\t\t\t<p style=\"width: 100%; text-align: right;\">\u00cen inima Cet\u0103\u021bii Alba Carolina, printre ziduri \u00eenc\u0103rcate de istorie, ia na\u0219tere o buc\u0103t\u0103rie plin\u0103 de arome \u0219i tradi\u021bii. Buc\u0103tarul Cet\u0103\u021bii \u00ee\u021bi dezv\u0103luie re\u021bete de familie, adunate din satele transilv\u0103nene \u0219i adaptate cu grij\u0103 pentru gusturile de azi. Fiecare preparat este o invita\u021bie la c\u0103l\u0103torie \u00een timp: de la fripturi rumenite \u00eencet, p\u00e2n\u0103 la deserturi simple, dar incredibil de bogate \u00een gust. Las\u0103-te inspirat \u0219i g\u0103te\u0219te cu suflet, ca odinioar\u0103.<\/p>\n\n\t\t<\/div>\n\t<\/div>\n<div class=\"vc_empty_space\"   style=\"height: 35px\"><span class=\"vc_empty_space_inner\"><\/span><\/div><\/div><\/div><\/div><div class=\"wpb_column vc_column_container vc_col-sm-6\"><div class=\"vc_column-inner\"><div class=\"wpb_wrapper\">\n\t<div  class=\"wpb_single_image wpb_content_element vc_align_left wpb_content_element\">\n\t\t\n\t\t<figure class=\"wpb_wrapper vc_figure\">\n\t\t\t<div class=\"vc_single_image-wrapper   vc_box_border_grey\"><img loading=\"lazy\" decoding=\"async\" width=\"1536\" height=\"1024\" src=\"https:\/\/bucatarulcetatii.ro\/wp-content\/uploads\/2025\/10\/gratar-mixt-3.png\" class=\"vc_single_image-img attachment-full\" alt=\"\" title=\"gratar mixt 3\" srcset=\"https:\/\/bucatarulcetatii.ro\/wp-content\/uploads\/2025\/10\/gratar-mixt-3.png 1536w, https:\/\/bucatarulcetatii.ro\/wp-content\/uploads\/2025\/10\/gratar-mixt-3-300x200.png 300w, https:\/\/bucatarulcetatii.ro\/wp-content\/uploads\/2025\/10\/gratar-mixt-3-1024x683.png 1024w, https:\/\/bucatarulcetatii.ro\/wp-content\/uploads\/2025\/10\/gratar-mixt-3-768x512.png 768w, https:\/\/bucatarulcetatii.ro\/wp-content\/uploads\/2025\/10\/gratar-mixt-3-18x12.png 18w, https:\/\/bucatarulcetatii.ro\/wp-content\/uploads\/2025\/10\/gratar-mixt-3-600x400.png 600w\" sizes=\"auto, (max-width: 1536px) 100vw, 1536px\" \/><\/div>\n\t\t<\/figure>\n\t<\/div>\n<\/div><\/div><\/div><\/div><div class=\"vc_row-full-width vc_clearfix\"><\/div><div data-vc-full-width=\"true\" data-vc-full-width-temp=\"true\" data-vc-full-width-init=\"false\" class=\"vc_row wpb_row vc_row-fluid vc_custom_1580824073201 vc_row-has-fill\"><div class=\"wpb_column vc_column_container vc_col-sm-6\"><div class=\"vc_column-inner\"><div class=\"wpb_wrapper\">\n\t<div  class=\"wpb_single_image wpb_content_element vc_align_left wpb_content_element\">\n\t\t\n\t\t<figure class=\"wpb_wrapper vc_figure\">\n\t\t\t<div class=\"vc_single_image-wrapper   vc_box_border_grey\"><img loading=\"lazy\" decoding=\"async\" width=\"1536\" height=\"1024\" src=\"https:\/\/bucatarulcetatii.ro\/wp-content\/uploads\/2025\/10\/Tocanita-de-pastrav-3.png\" class=\"vc_single_image-img attachment-full\" alt=\"\" title=\"Tocanita de pastrav 3\" srcset=\"https:\/\/bucatarulcetatii.ro\/wp-content\/uploads\/2025\/10\/Tocanita-de-pastrav-3.png 1536w, https:\/\/bucatarulcetatii.ro\/wp-content\/uploads\/2025\/10\/Tocanita-de-pastrav-3-300x200.png 300w, https:\/\/bucatarulcetatii.ro\/wp-content\/uploads\/2025\/10\/Tocanita-de-pastrav-3-1024x683.png 1024w, https:\/\/bucatarulcetatii.ro\/wp-content\/uploads\/2025\/10\/Tocanita-de-pastrav-3-768x512.png 768w, https:\/\/bucatarulcetatii.ro\/wp-content\/uploads\/2025\/10\/Tocanita-de-pastrav-3-18x12.png 18w, https:\/\/bucatarulcetatii.ro\/wp-content\/uploads\/2025\/10\/Tocanita-de-pastrav-3-600x400.png 600w\" sizes=\"auto, (max-width: 1536px) 100vw, 1536px\" \/><\/div>\n\t\t<\/figure>\n\t<\/div>\n<\/div><\/div><\/div><div class=\"wpb_column vc_column_container vc_col-sm-6\"><div class=\"vc_column-inner\"><div class=\"wpb_wrapper\"><div class=\"vc_empty_space\"   style=\"height: 70px\"><span class=\"vc_empty_space_inner\"><\/span><\/div><h2 style=\"font-size: 36px;color: #151515;line-height: 36px;text-align: left\" class=\"vc_custom_heading vc_do_custom_heading vc_custom_1761915294972\" >Re\u021bete de tot felu<\/h2><div class=\"vc_empty_space\"   style=\"height: 20px\"><span class=\"vc_empty_space_inner\"><\/span><\/div>\n\t<div class=\"wpb_text_column wpb_content_element\" >\n\t\t<div class=\"wpb_wrapper\">\n\t\t\t<p style=\"max-width: 90%; width: 100%;\">Aceasta este pagina unde Buc\u0103tarul Cet\u0103\u021bii \u00ee\u021bi pune la dispozi\u021bie re\u021bete testate, iubite \u0219i cerute de vizitatori din toat\u0103 \u021bara. Fiecare re\u021bet\u0103 este explicat\u0103 pas cu pas, astfel \u00eenc\u00e2t s\u0103 o po\u021bi prepara cu u\u0219urin\u021b\u0103 acas\u0103, indiferent de experien\u021ba ta \u00een buc\u0103t\u0103rie. Vei g\u0103si m\u00e2nc\u0103ruri tradi\u021bionale, re\u021bete de sezon, preparate pentru s\u0103rb\u0103tori \u0219i multe inspira\u021bii din gastronomia tradi\u021bional\u0103. Creeaz\u0103 momente frumoase la mas\u0103, cu gusturi autentice \u0219i ingrediente simple.<\/p>\n\n\t\t<\/div>\n\t<\/div>\n<div class=\"vc_empty_space\"   style=\"height: 35px\"><span class=\"vc_empty_space_inner\"><\/span><\/div><\/div><\/div><\/div><\/div><div class=\"vc_row-full-width vc_clearfix\"><\/div><div class=\"vc_row wpb_row vc_row-fluid vc_custom_1546862333729\"><div class=\"wpb_column vc_column_container vc_col-sm-12\"><div class=\"vc_column-inner\"><div class=\"wpb_wrapper\"><div class=\"title-subtile-holder  animateIn text_center\" data-animate=\"no_animation\"><h1 style=\"color: #151515;\" class=\"section-title custom_color\">Alege savoarea autentic\u0103<\/h1><p style=\"color: #808080;\" class=\"section-subtitle custom_color\">semnat\u0103 de Toma, Buc\u0103tarul Cet\u0103\u021bii \u2013 calitate garantat\u0103 la fiecare farfurie.<\/p><\/div><div class=\"vc_empty_space\"   style=\"height: 45px\"><span class=\"vc_empty_space_inner\"><\/span><\/div><div class=\"vc_row wpb_row vc_inner vc_row-fluid vc_custom_1571119785522 vc_row-has-fill\"><div class=\"wpb_column vc_column_container vc_col-sm-12 vc_col-has-fill\"><div class=\"vc_column-inner vc_custom_1764072041440\"><div class=\"wpb_wrapper\"><script>\n                jQuery(document).ready(function() {\n                  jQuery(\".popup-vimeo-video\").magnificPopup({\n                  \ttype:\"iframe\",\n\t              \tdisableOn: 700,\n\t\t\t\t\tremovalDelay: 160,\n\t\t\t\t\tpreloader: false,\n\t\t\t\t\tfixedContentPos: false\n\t\t\t\t});\n\n\n                  jQuery(\".popup-vimeo-youtube\").magnificPopup({\n                  \ttype:\"iframe\",\n             \t\tdisableOn: 700,\n\t\t\t\t\tremovalDelay: 160,\n\t\t\t\t\tpreloader: false,\n\t\t\t\t\tfixedContentPos: false});\n                });\n                \n              <\/script><div class=\"mt_video text-center row\"><div class=\"wow no_animation\"><a class=\"popup-vimeo-video\" href=\"https:\/\/vimeo.com\/1122010432?fl=pl&amp;fe=sh\"><img decoding=\"async\" class=\"buton_image_class\" src=\"https:\/\/bucatarulcetatii.ro\/wp-content\/uploads\/2020\/02\/play_btn_green-2.png\" data-src=\"https:\/\/bucatarulcetatii.ro\/wp-content\/uploads\/2020\/02\/play_btn_green-2.png\" alt=\"\"><\/a><\/div><\/div><\/div><\/div><\/div><\/div><div class=\"vc_empty_space\"   style=\"height: 100px\"><span class=\"vc_empty_space_inner\"><\/span><\/div><\/div><\/div><\/div><\/div>\n<\/div>","protected":false},"excerpt":{"rendered":"Poveste, atmosfer\u0103, emo\u021bie \u00cen inima Cet\u0103\u021bii Alba Carolina, printre ziduri \u00eenc\u0103rcate de istorie, ia na\u0219tere o buc\u0103t\u0103rie plin\u0103 de arome \u0219i tradi\u021bii. Buc\u0103tarul Cet\u0103\u021bii \u00ee\u021bi dezv\u0103luie [...]","protected":false},"author":1,"featured_media":0,"parent":0,"menu_order":0,"comment_status":"closed","ping_status":"closed","template":"","meta":{"pagelayer_contact_templates":[],"_pagelayer_content":"","footnotes":""},"class_list":["post-18897","page","type-page","status-publish","hentry"],"_links":{"self":[{"href":"https:\/\/bucatarulcetatii.ro\/ro\/wp-json\/wp\/v2\/pages\/18897","targetHints":{"allow":["GET"]}}],"collection":[{"href":"https:\/\/bucatarulcetatii.ro\/ro\/wp-json\/wp\/v2\/pages"}],"about":[{"href":"https:\/\/bucatarulcetatii.ro\/ro\/wp-json\/wp\/v2\/types\/page"}],"author":[{"embeddable":true,"href":"https:\/\/bucatarulcetatii.ro\/ro\/wp-json\/wp\/v2\/users\/1"}],"replies":[{"embeddable":true,"href":"https:\/\/bucatarulcetatii.ro\/ro\/wp-json\/wp\/v2\/comments?post=18897"}],"version-history":[{"count":13,"href":"https:\/\/bucatarulcetatii.ro\/ro\/wp-json\/wp\/v2\/pages\/18897\/revisions"}],"predecessor-version":[{"id":21521,"href":"https:\/\/bucatarulcetatii.ro\/ro\/wp-json\/wp\/v2\/pages\/18897\/revisions\/21521"}],"wp:attachment":[{"href":"https:\/\/bucatarulcetatii.ro\/ro\/wp-json\/wp\/v2\/media?parent=18897"}],"curies":[{"name":"wp","href":"https:\/\/api.w.org\/{rel}","templated":true}]}}