{"id":18950,"date":"2019-01-08T15:18:29","date_gmt":"2019-01-08T15:18:29","guid":{"rendered":"https:\/\/foodhub.modeltheme.com\/?page_id=18950"},"modified":"2025-11-25T11:43:54","modified_gmt":"2025-11-25T11:43:54","slug":"contact","status":"publish","type":"page","link":"https:\/\/bucatarulcetatii.ro\/ro\/contact\/","title":{"rendered":"Contact"},"content":{"rendered":"<div class=\"wpb-content-wrapper\"><div class=\"vc_row wpb_row vc_row-fluid contact-boxes vc_custom_1580220481828\"><div class=\"wpb_column vc_column_container vc_col-sm-12\"><div class=\"vc_column-inner\"><div class=\"wpb_wrapper\"><div class=\"vc_row wpb_row vc_inner vc_row-fluid vc_custom_1547029414243\"><div class=\"wpb_column vc_column_container vc_col-sm-4\"><div class=\"vc_column-inner\"><div class=\"wpb_wrapper\"><style type=\"text\/css\">\n                  .mt-icon-listgroup-holder:hover i {\n                      color: #808e6f !important;\n                  }\n              <\/style><div class=\"mt-icon-listgroup-item wow no_animation\"><a href=\"#\"><div class=\"mt-icon-listgroup-holder\">\n                  <div class=\"mt-icon-listgroup-icon-holder-inner\"><i style=\"margin-right:20px; color:#518f2d;font-size:26px\" class=\"fa fa-envelope\"><\/i><\/div>\n                <div class=\"mt-icon-listgroup-content-holder-inner\">\n                  <p class=\"mt-icon-listgroup-title\" style=\"font-size: 25px; color: #151515\">Adres\u0103 email<\/p>\n                  <p class=\"mt-icon-listgroup-text\" style=\"font-size: 16px; color: #808080\">contact@bucatarulcetatii.ro<\/p><\/div>\n              <\/div><\/a><\/div><\/div><\/div><\/div><div class=\"wpb_column vc_column_container vc_col-sm-4\"><div class=\"vc_column-inner\"><div class=\"wpb_wrapper\"><style type=\"text\/css\">\n                  .mt-icon-listgroup-holder:hover i {\n                      color: #808e6f !important;\n                  }\n              <\/style><div class=\"mt-icon-listgroup-item wow no_animation\"><a href=\"#\"><div class=\"mt-icon-listgroup-holder\">\n                  <div class=\"mt-icon-listgroup-icon-holder-inner\"><i style=\"margin-right:20px; color:#518f2d;font-size:26px\" class=\"fa fa-phone\"><\/i><\/div>\n                <div class=\"mt-icon-listgroup-content-holder-inner\">\n                  <p class=\"mt-icon-listgroup-title\" style=\"font-size: 25px; color: #151515\">Telefon<\/p>\n                  <p class=\"mt-icon-listgroup-text\" style=\"font-size: 16px; color: #808080\">(+800) 7000 4400<\/p><\/div>\n              <\/div><\/a><\/div><\/div><\/div><\/div><div class=\"wpb_column vc_column_container vc_col-sm-4\"><div class=\"vc_column-inner\"><div class=\"wpb_wrapper\"><style type=\"text\/css\">\n                  .mt-icon-listgroup-holder:hover i {\n                      color: #808e6f !important;\n                  }\n              <\/style><div class=\"mt-icon-listgroup-item wow no_animation\"><a href=\"#\"><div class=\"mt-icon-listgroup-holder\">\n                  <div class=\"mt-icon-listgroup-icon-holder-inner\"><i style=\"margin-right:20px; color:#518f2d;font-size:26px\" class=\"fa fa-map-marker\"><\/i><\/div>\n                <div class=\"mt-icon-listgroup-content-holder-inner\">\n                  <p class=\"mt-icon-listgroup-title\" style=\"font-size: 25px; color: #151515\">Adres\u0103<\/p>\n                  <p class=\"mt-icon-listgroup-text\" style=\"font-size: 16px; color: #808080\">Alba Iulia<\/p><\/div>\n              <\/div><\/a><\/div><\/div><\/div><\/div><\/div><\/div><\/div><\/div><\/div><div class=\"vc_row wpb_row vc_row-fluid vc_custom_1549023950393\"><div class=\"wpb_column vc_column_container vc_col-sm-12\"><div class=\"vc_column-inner\"><div class=\"wpb_wrapper\"><div class=\"vc_row wpb_row vc_inner vc_row-fluid\"><div class=\"wpb_column vc_column_container vc_col-sm-6\"><div class=\"vc_column-inner vc_custom_1571122737229\"><div class=\"wpb_wrapper\">\n\t<div class=\"wpb_text_column wpb_content_element\" >\n\t\t<div class=\"wpb_wrapper\">\n\t\t\t<p><iframe loading=\"lazy\" style=\"border: 0;\" src=\"https:\/\/www.google.com\/maps\/embed?pb=!1m18!1m12!1m3!1d44295.56138340171!2d23.516803383592567!3d46.06161724883275!2m3!1f0!2f0!3f0!3m2!1i1024!2i768!4f13.1!3m3!1m2!1s0x474ea80cce754875%3A0xe9b0f44e8e45cd05!2sAlba%20Iulia!5e0!3m2!1sen!2sro!4v1764071011917!5m2!1sen!2sro\" width=\"600\" height=\"450\" allowfullscreen=\"allowfullscreen\"><\/iframe><\/p>\n\n\t\t<\/div>\n\t<\/div>\n<\/div><\/div><\/div><div class=\"wpb_column vc_column_container vc_col-sm-6\"><div class=\"vc_column-inner vc_custom_1549023962454\"><div class=\"wpb_wrapper\"><div class=\"title-subtile-holder  animateIn text_center\" data-animate=\"no_animation\"><h1 style=\"color: #151515;\" class=\"section-title custom_color\">P\u0103str\u0103m leg\u0103tura<\/h1><p style=\"color: #808080;\" class=\"section-subtitle custom_color\">O \u00eentrebare buna, o re\u021bet\u0103 nou\u0103<\/p><\/div><div class=\"vc_empty_space\"   style=\"height: 45px\"><span class=\"vc_empty_space_inner\"><\/span><\/div>\n\t<div class=\"wpb_text_column wpb_content_element\" >\n\t\t<div class=\"wpb_wrapper\">\n\t\t\t\n<div class=\"wpcf7 no-js\" id=\"wpcf7-f18710-o1\" lang=\"en-US\" dir=\"ltr\" data-wpcf7-id=\"18710\">\n<div class=\"screen-reader-response\"><p role=\"status\" aria-live=\"polite\" aria-atomic=\"true\"><\/p> <ul><\/ul><\/div>\n<form action=\"\/ro\/wp-json\/wp\/v2\/pages\/18950#wpcf7-f18710-o1\" method=\"post\" class=\"wpcf7-form init\" aria-label=\"Contact form\" novalidate=\"novalidate\" data-status=\"init\" data-trp-original-action=\"\/ro\/wp-json\/wp\/v2\/pages\/18950#wpcf7-f18710-o1\">\n<fieldset class=\"hidden-fields-container\"><input type=\"hidden\" name=\"_wpcf7\" value=\"18710\" \/><input type=\"hidden\" name=\"_wpcf7_version\" value=\"6.1.2\" \/><input type=\"hidden\" name=\"_wpcf7_locale\" value=\"en_US\" \/><input type=\"hidden\" name=\"_wpcf7_unit_tag\" value=\"wpcf7-f18710-o1\" \/><input type=\"hidden\" name=\"_wpcf7_container_post\" value=\"0\" \/><input type=\"hidden\" name=\"_wpcf7_posted_data_hash\" value=\"\" \/>\n<\/fieldset>\n<div class=\"foodhub-contact\">\n\t<p><span class=\"wpcf7-form-control-wrap\" data-name=\"first-name\"><input size=\"40\" maxlength=\"400\" class=\"wpcf7-form-control wpcf7-text wpcf7-validates-as-required\" aria-required=\"true\" aria-invalid=\"false\" placeholder=\"Nume\" value=\"\" type=\"text\" name=\"first-name\" \/><\/span><br \/>\n<span class=\"wpcf7-form-control-wrap\" data-name=\"last-name\"><input size=\"40\" maxlength=\"400\" class=\"wpcf7-form-control wpcf7-text wpcf7-validates-as-required\" aria-required=\"true\" aria-invalid=\"false\" placeholder=\"Prenume\" value=\"\" type=\"text\" name=\"last-name\" \/><\/span><br \/>\n<span class=\"wpcf7-form-control-wrap\" data-name=\"your-email\"><input size=\"40\" maxlength=\"400\" class=\"wpcf7-form-control wpcf7-email wpcf7-validates-as-required wpcf7-text wpcf7-validates-as-email\" aria-required=\"true\" aria-invalid=\"false\" placeholder=\"Adres\u0103 email\" value=\"\" type=\"email\" name=\"your-email\" \/><\/span><br \/>\n<span class=\"wpcf7-form-control-wrap\" data-name=\"your-message\"><textarea cols=\"40\" rows=\"10\" maxlength=\"2000\" class=\"wpcf7-form-control wpcf7-textarea\" aria-invalid=\"false\" placeholder=\"Mesaj\" name=\"your-message\"><\/textarea><\/span><br \/>\n<button type=\"submit\" class=\"wpcf7-form-control wpcf7-submit\">Trimite mesaj<\/button>\n\t<\/p>\n<\/div><p style=\"display: none !important;\" class=\"akismet-fields-container\" data-prefix=\"_wpcf7_ak_\"><label>&#916;<textarea name=\"_wpcf7_ak_hp_textarea\" cols=\"45\" rows=\"8\" maxlength=\"100\"><\/textarea><\/label><input type=\"hidden\" id=\"ak_js_1\" name=\"_wpcf7_ak_js\" value=\"12\"\/><script>document.getElementById( \"ak_js_1\" ).setAttribute( \"value\", ( new Date() ).getTime() );<\/script><\/p><div class=\"wpcf7-response-output\" aria-hidden=\"true\"><\/div>\n<input type=\"hidden\" name=\"trp-form-language\" value=\"ro\"\/><\/form>\n<\/div>\n\n\n\t\t<\/div>\n\t<\/div>\n<\/div><\/div><\/div><\/div><\/div><\/div><\/div><\/div>\n<\/div>","protected":false},"excerpt":{"rendered":"Adres\u0103 email contact@bucatarulcetatii.ro Telefon (+800) 7000 4400 Adres\u0103 Alba Iulia P\u0103str\u0103m leg\u0103turaO \u00eentrebare buna, o re\u021bet\u0103 nou\u0103 Trimite mesaj &#916;","protected":false},"author":1,"featured_media":0,"parent":0,"menu_order":0,"comment_status":"closed","ping_status":"closed","template":"","meta":{"pagelayer_contact_templates":[],"_pagelayer_content":"","footnotes":""},"class_list":["post-18950","page","type-page","status-publish","hentry"],"_links":{"self":[{"href":"https:\/\/bucatarulcetatii.ro\/ro\/wp-json\/wp\/v2\/pages\/18950","targetHints":{"allow":["GET"]}}],"collection":[{"href":"https:\/\/bucatarulcetatii.ro\/ro\/wp-json\/wp\/v2\/pages"}],"about":[{"href":"https:\/\/bucatarulcetatii.ro\/ro\/wp-json\/wp\/v2\/types\/page"}],"author":[{"embeddable":true,"href":"https:\/\/bucatarulcetatii.ro\/ro\/wp-json\/wp\/v2\/users\/1"}],"replies":[{"embeddable":true,"href":"https:\/\/bucatarulcetatii.ro\/ro\/wp-json\/wp\/v2\/comments?post=18950"}],"version-history":[{"count":4,"href":"https:\/\/bucatarulcetatii.ro\/ro\/wp-json\/wp\/v2\/pages\/18950\/revisions"}],"predecessor-version":[{"id":21515,"href":"https:\/\/bucatarulcetatii.ro\/ro\/wp-json\/wp\/v2\/pages\/18950\/revisions\/21515"}],"wp:attachment":[{"href":"https:\/\/bucatarulcetatii.ro\/ro\/wp-json\/wp\/v2\/media?parent=18950"}],"curies":[{"name":"wp","href":"https:\/\/api.w.org\/{rel}","templated":true}]}}