{"id":20944,"date":"2020-02-19T14:02:44","date_gmt":"2020-02-19T14:02:44","guid":{"rendered":"https:\/\/foodhub.modeltheme.com\/?page_id=20944"},"modified":"2025-11-23T20:14:22","modified_gmt":"2025-11-23T20:14:22","slug":"retete-cu-gust","status":"publish","type":"page","link":"https:\/\/bucatarulcetatii.ro\/ro\/retete-cu-gust\/","title":{"rendered":"Retete cu gust"},"content":{"rendered":"<div class=\"wpb-content-wrapper\"><div data-vc-full-width=\"true\" data-vc-full-width-temp=\"true\" data-vc-full-width-init=\"false\" class=\"vc_row wpb_row vc_row-fluid vc_custom_1580291324698 vc_row-has-fill\"><div class=\"wpb_column vc_column_container vc_col-sm-12\"><div class=\"vc_column-inner\"><div class=\"wpb_wrapper\"><div class=\"title-subtile-holder  animateIn text_center\" data-animate=\"no_animation\"><h1 style=\"color: #151515;\" class=\"section-title custom_color\">Din buc\u0103t\u0103rie<\/h1><p style=\"color: #808080;\" class=\"section-subtitle custom_color\">Gusturi autentice ren\u0103scute \u00een inima Cet\u0103\u021bii Alba Iulia, preg\u0103tite de Buc\u0103tarul Cet\u0103\u021bii cu pasiune \u0219i tradi\u021bie.<\/p><\/div><div class=\"vc_empty_space\"   style=\"height: 45px\"><span class=\"vc_empty_space_inner\"><\/span><\/div><div class=\"vc_row wpb_row vc_inner vc_row-fluid vc_custom_1570439646763\"><div class=\"wpb_column vc_column_container vc_col-sm-4\"><div class=\"vc_column-inner\"><div class=\"wpb_wrapper\"><div style=\"background-color:#528f2d\" class=\"category-list-shortcode-wrapper\"><h3 class=\"category-list-title\">Categories:<\/h3><div class=\"category-list-shortcode category-list-0\"><div class=\"cat-icon\"><img decoding=\"async\" alt=\"cat-icon\" class=\"cat-icon\" src=\"https:\/\/bucatarulcetatii.ro\/wp-content\/plugins\/modeltheme-listings-manager\/inc\/cmb2\/images\/categories-placeholder.png\"><\/div><div class=\"cat-info\"><a class=\"cat-name\" href=\"https:\/\/bucatarulcetatii.ro\/ro\/category\/kitchen\/\">Preparate cu carne<\/a><span class=\"count-posts\">5 Posts<\/span><\/div><\/div><div class=\"category-list-shortcode category-list-1\"><div class=\"cat-icon\"><img decoding=\"async\" alt=\"cat-icon\" class=\"cat-icon\" src=\"https:\/\/bucatarulcetatii.ro\/wp-content\/plugins\/modeltheme-listings-manager\/inc\/cmb2\/images\/categories-placeholder.png\"><\/div><div class=\"cat-info\"><a class=\"cat-name\" href=\"https:\/\/bucatarulcetatii.ro\/ro\/category\/catering-events\/\">Retete rapide<\/a><span class=\"count-posts\">5 Posts<\/span><\/div><\/div><div class=\"category-list-shortcode category-list-2\"><div class=\"cat-icon\"><img decoding=\"async\" alt=\"cat-icon\" class=\"cat-icon\" src=\"https:\/\/bucatarulcetatii.ro\/wp-content\/plugins\/modeltheme-listings-manager\/inc\/cmb2\/images\/categories-placeholder.png\"><\/div><div class=\"cat-info\"><a class=\"cat-name\" href=\"https:\/\/bucatarulcetatii.ro\/ro\/category\/soups\/\">Desert<\/a><span class=\"count-posts\">1 Posts<\/span><\/div><\/div><\/div><\/div><\/div><\/div><div class=\"wpb_column vc_column_container vc_col-sm-8\"><div class=\"vc_column-inner vc_custom_1580291314512\"><div class=\"wpb_wrapper\"><div class=\"blog-posts simple-posts blog-posts-shortcode wow fadeIn\"><div class=\"row\"><div class=\"vc_col-sm-6\">\n                      <article class=\"single-post list-view\">\n                        <div class=\"blog_custom\">\n\n\n                          <!-- POST THUMBNAIL -->\n                          <div class=\"col-md-12 post-thumbnail\">\n                              <a class=\"relative\" href=\"https:\/\/bucatarulcetatii.ro\/ro\/burger\/\"><img decoding=\"async\" class=\"blog_post_image\" src=\"https:\/\/bucatarulcetatii.ro\/wp-content\/uploads\/2025\/11\/Burger-cu-Toma-625x375.png\" alt=\"Burger\" \/><\/a>\n                          <\/div>\n\n                          <!-- POST DETAILS -->\n                          <div class=\"post-details col-md-12\">\n\n                          <div class=\"title-n-excerpt\"><h3 class=\"post-name row\">\n                              <a href=\"https:\/\/bucatarulcetatii.ro\/ro\/burger\/\" title=\"Burger\">Burger<\/a>\n                            <\/h3>\n                            <div class=\"post-excerpt row\">\n                                <div class=\"col-md-6\"><\/div>\n\n\n\n\n\n<h2 class=\"wp-block-heading\"><strong>Burgerul meu de Cetate &#8211; O poveste cu miros de munte <\/strong><\/h2>\n\n\n\n<p><strong>Burgerul de Cetate<\/strong>, f\u0103cut cu ingrediente adev\u0103rate,<\/p>\n                            <\/div>\n                          <\/div>\n\n\n\n                          <\/div>\n\n                          \n\n                        <\/div>\n                      <\/article>\n                    <\/div><div class=\"vc_col-sm-6\">\n                      <article class=\"single-post list-view\">\n                        <div class=\"blog_custom\">\n\n\n                          <!-- POST THUMBNAIL -->\n                          <div class=\"col-md-12 post-thumbnail\">\n                              <a class=\"relative\" href=\"https:\/\/bucatarulcetatii.ro\/ro\/cotlet-de-porc-cu-os\/\"><img decoding=\"async\" class=\"blog_post_image\" src=\"https:\/\/bucatarulcetatii.ro\/wp-content\/uploads\/2025\/11\/Cotlet-de-porc-cu-os-cu-Toma-625x375.png\" alt=\"Cotlet de porc cu os\" \/><\/a>\n                          <\/div>\n\n                          <!-- POST DETAILS -->\n                          <div class=\"post-details col-md-12\">\n\n                          <div class=\"title-n-excerpt\"><h3 class=\"post-name row\">\n                              <a href=\"https:\/\/bucatarulcetatii.ro\/ro\/cotlet-de-porc-cu-os\/\" title=\"Cotlet de porc cu os\">Cotlet de porc cu os<\/a>\n                            <\/h3>\n                            <div class=\"post-excerpt row\">\n                                <div class=\"col-md-6\"><\/div>\n\n\n\n\n\n<h2 class=\"wp-block-heading\"><strong>Cotlet de porc cu os \u2013 o farfurie care respect\u0103 tradi\u021bia muntelui<\/strong><\/h2>\n\n\n\n<p>Un preparat \u00een aparen\u021b\u0103 simplu, dar care,<\/p>\n                            <\/div>\n                          <\/div>\n\n\n\n                          <\/div>\n\n                          \n\n                        <\/div>\n                      <\/article>\n                    <\/div><div class=\"vc_col-sm-6\">\n                      <article class=\"single-post list-view\">\n                        <div class=\"blog_custom\">\n\n\n                          <!-- POST THUMBNAIL -->\n                          <div class=\"col-md-12 post-thumbnail\">\n                              <a class=\"relative\" href=\"https:\/\/bucatarulcetatii.ro\/ro\/platou-taranesc\/\"><img decoding=\"async\" class=\"blog_post_image\" src=\"https:\/\/bucatarulcetatii.ro\/wp-content\/uploads\/2025\/11\/Platou-Taranesc-cu-Toma-625x375.png\" alt=\"Platou Taranesc\" \/><\/a>\n                          <\/div>\n\n                          <!-- POST DETAILS -->\n                          <div class=\"post-details col-md-12\">\n\n                          <div class=\"title-n-excerpt\"><h3 class=\"post-name row\">\n                              <a href=\"https:\/\/bucatarulcetatii.ro\/ro\/platou-taranesc\/\" title=\"Platou Taranesc\">Platou Taranesc<\/a>\n                            <\/h3>\n                            <div class=\"post-excerpt row\">\n                                <p>\n\n\n\n\n\n\n\n\n\n\n<p><br><\/p>\n\n\n\n<strong>Platou \u021a\u0103r\u0103nesc \u2013 Povestea unui festin autentic, a\u0219ezat pe lemn \u0219i g\u0103tit cu suflet<\/strong><br>Unul dintre preparatele mele preferate atunci c\u00e2nd<\/p>\n                            <\/div>\n                          <\/div>\n\n\n\n                          <\/div>\n\n                          \n\n                        <\/div>\n                      <\/article>\n                    <\/div><div class=\"vc_col-sm-6\">\n                      <article class=\"single-post list-view\">\n                        <div class=\"blog_custom\">\n\n\n                          <!-- POST THUMBNAIL -->\n                          <div class=\"col-md-12 post-thumbnail\">\n                              <a class=\"relative\" href=\"https:\/\/bucatarulcetatii.ro\/ro\/rulada-de-lipie\/\"><img decoding=\"async\" class=\"blog_post_image\" src=\"https:\/\/bucatarulcetatii.ro\/wp-content\/uploads\/2025\/11\/Rulada-de-lipie-cu-Toma-625x375.png\" alt=\"Rulada de lipie\" \/><\/a>\n                          <\/div>\n\n                          <!-- POST DETAILS -->\n                          <div class=\"post-details col-md-12\">\n\n                          <div class=\"title-n-excerpt\"><h3 class=\"post-name row\">\n                              <a href=\"https:\/\/bucatarulcetatii.ro\/ro\/rulada-de-lipie\/\" title=\"Rulada de lipie\">Rulada de lipie<\/a>\n                            <\/h3>\n                            <div class=\"post-excerpt row\">\n                                <p>\n\n\n\n\n\n\n\n\n\n\n<p><br><\/p>\n\n\n\n<strong>Rulad\u0103 de Lipie \u2013 Simplitate montan\u0103, gust des\u0103v\u00e2r\u0219it<\/strong><br>Ast\u0103zi vreau s\u0103 v\u0103 povestesc despre un preparat aparent simplu, dar care m-a<\/p>\n                            <\/div>\n                          <\/div>\n\n\n\n                          <\/div>\n\n                          \n\n                        <\/div>\n                      <\/article>\n                    <\/div><div class=\"vc_col-sm-6\">\n                      <article class=\"single-post list-view\">\n                        <div class=\"blog_custom\">\n\n\n                          <!-- POST THUMBNAIL -->\n                          <div class=\"col-md-12 post-thumbnail\">\n                              <a class=\"relative\" href=\"https:\/\/bucatarulcetatii.ro\/ro\/sandvis-cu-muschiulet-tiganesc-cu-chef-toma\/\"><img decoding=\"async\" class=\"blog_post_image\" src=\"https:\/\/bucatarulcetatii.ro\/wp-content\/uploads\/2025\/11\/Sandvis-cu-Muschiulet-Tiganesc-cu-chef-Toma-625x375.png\" alt=\"Sandvis cu Mu\u0219chiule\u021b \u021aig\u0103nesc\" \/><\/a>\n                          <\/div>\n\n                          <!-- POST DETAILS -->\n                          <div class=\"post-details col-md-12\">\n\n                          <div class=\"title-n-excerpt\"><h3 class=\"post-name row\">\n                              <a href=\"https:\/\/bucatarulcetatii.ro\/ro\/sandvis-cu-muschiulet-tiganesc-cu-chef-toma\/\" title=\"Sandvis cu Mu\u0219chiule\u021b \u021aig\u0103nesc\">Sandvis cu Mu\u0219chiule\u021b \u021aig\u0103nesc<\/a>\n                            <\/h3>\n                            <div class=\"post-excerpt row\">\n                                <p>\n\n\n\n\n\n\n\n\n<p data-start=\"141\" data-end=\"549\">Ast\u0103zi v\u0103 scriu despre unul dintre acele preparate care par simple la prima vedere, dar care, atunci c\u00e2nd<\/p>\n                            <\/div>\n                          <\/div>\n\n\n\n                          <\/div>\n\n                          \n\n                        <\/div>\n                      <\/article>\n                    <\/div><div class=\"vc_col-sm-6\">\n                      <article class=\"single-post list-view\">\n                        <div class=\"blog_custom\">\n\n\n                          <!-- POST THUMBNAIL -->\n                          <div class=\"col-md-12 post-thumbnail\">\n                              <a class=\"relative\" href=\"https:\/\/bucatarulcetatii.ro\/ro\/pasta-de-jumari-la-mesenii-tai-cu-chef-toma\/\"><img decoding=\"async\" class=\"blog_post_image\" src=\"https:\/\/bucatarulcetatii.ro\/wp-content\/uploads\/2025\/11\/Pasta-de-jumari-La-Mesenii-Tai-cu-chef-Toma-625x375.png\" alt=\"Pasta de jumari\" \/><\/a>\n                          <\/div>\n\n                          <!-- POST DETAILS -->\n                          <div class=\"post-details col-md-12\">\n\n                          <div class=\"title-n-excerpt\"><h3 class=\"post-name row\">\n                              <a href=\"https:\/\/bucatarulcetatii.ro\/ro\/pasta-de-jumari-la-mesenii-tai-cu-chef-toma\/\" title=\"Pasta de jumari\">Pasta de jumari<\/a>\n                            <\/h3>\n                            <div class=\"post-excerpt row\">\n                                <p>\n\n\n\n\n\n\n\n\n\n\n<strong>Pasta mea de jum\u0103ri \u2013 gustul care \u00eencepe cu \u00eencredere \u00een produc\u0103tor<br><\/strong><p data-start=\"246\" data-end=\"583\">O re\u021bet\u0103 simpl\u0103 \u00een aparen\u021b\u0103, dar care<\/p>\n                            <\/div>\n                          <\/div>\n\n\n\n                          <\/div>\n\n                          \n\n                        <\/div>\n                      <\/article>\n                    <\/div><div class=\"vc_col-sm-6\">\n                      <article class=\"single-post list-view\">\n                        <div class=\"blog_custom\">\n\n\n                          <!-- POST THUMBNAIL -->\n                          <div class=\"col-md-12 post-thumbnail\">\n                              <a class=\"relative\" href=\"https:\/\/bucatarulcetatii.ro\/ro\/virsli-traditional-cu-chef-toma\/\"><img decoding=\"async\" class=\"blog_post_image\" src=\"https:\/\/bucatarulcetatii.ro\/wp-content\/uploads\/2025\/11\/Virsli-traditionali-cu-chef-Toma-625x375.png\" alt=\"Vir\u0219li tradi\u021bionali\" \/><\/a>\n                          <\/div>\n\n                          <!-- POST DETAILS -->\n                          <div class=\"post-details col-md-12\">\n\n                          <div class=\"title-n-excerpt\"><h3 class=\"post-name row\">\n                              <a href=\"https:\/\/bucatarulcetatii.ro\/ro\/virsli-traditional-cu-chef-toma\/\" title=\"Vir\u0219li tradi\u021bionali\">Vir\u0219li tradi\u021bionali<\/a>\n                            <\/h3>\n                            <div class=\"post-excerpt row\">\n                                <p>\n\n\n\n\n\n\n\n\n\n\n<h2 data-start=\"244\" data-end=\"306\"><strong data-start=\"247\" data-end=\"306\">Vir\u0219li tradi\u021bionali \u2013 arome de munte, poveste de suflet<\/strong><\/h2><br><p data-start=\"308\" data-end=\"704\">Un preparat drag mie, unul pe<\/p>\n                            <\/div>\n                          <\/div>\n\n\n\n                          <\/div>\n\n                          \n\n                        <\/div>\n                      <\/article>\n                    <\/div><div class=\"vc_col-sm-6\">\n                      <article class=\"single-post list-view\">\n                        <div class=\"blog_custom\">\n\n\n                          <!-- POST THUMBNAIL -->\n                          <div class=\"col-md-12 post-thumbnail\">\n                              <a class=\"relative\" href=\"https:\/\/bucatarulcetatii.ro\/ro\/sandvis-cu-parizer-cu-chef-toma\/\"><img decoding=\"async\" class=\"blog_post_image\" src=\"https:\/\/bucatarulcetatii.ro\/wp-content\/uploads\/2025\/11\/Sandvis-cu-parizer-cu-chef-Toma-625x375.png\" alt=\"Sandvis cu parizer\" \/><\/a>\n                          <\/div>\n\n                          <!-- POST DETAILS -->\n                          <div class=\"post-details col-md-12\">\n\n                          <div class=\"title-n-excerpt\"><h3 class=\"post-name row\">\n                              <a href=\"https:\/\/bucatarulcetatii.ro\/ro\/sandvis-cu-parizer-cu-chef-toma\/\" title=\"Sandvis cu parizer\">Sandvis cu parizer<\/a>\n                            <\/h3>\n                            <div class=\"post-excerpt row\">\n                                <p>\n\n\n\n\n\n\n\n\n\n\n<h3 data-start=\"158\" data-end=\"220\"><strong data-start=\"162\" data-end=\"220\">Sandvi\u0219 cu Parizer \u2013 Simplitate Montan\u0103, Gust Adev\u0103rat<\/strong><\/h3><br><br><p data-start=\"420\" data-end=\"686\"><p data-start=\"222\" data-end=\"418\"><\/p>Poate c\u0103 unii ar spune<\/p>\n                            <\/div>\n                          <\/div>\n\n\n\n                          <\/div>\n\n                          \n\n                        <\/div>\n                      <\/article>\n                    <\/div><div class=\"vc_col-sm-6\">\n                      <article class=\"single-post list-view\">\n                        <div class=\"blog_custom\">\n\n\n                          <!-- POST THUMBNAIL -->\n                          <div class=\"col-md-12 post-thumbnail\">\n                              <a class=\"relative\" href=\"https:\/\/bucatarulcetatii.ro\/ro\/oua-umplute\/\"><img decoding=\"async\" class=\"blog_post_image\" src=\"https:\/\/bucatarulcetatii.ro\/wp-content\/uploads\/2025\/11\/Oua-umplute-cu-Toma-625x375.png\" alt=\"Oua umplute\" \/><\/a>\n                          <\/div>\n\n                          <!-- POST DETAILS -->\n                          <div class=\"post-details col-md-12\">\n\n                          <div class=\"title-n-excerpt\"><h3 class=\"post-name row\">\n                              <a href=\"https:\/\/bucatarulcetatii.ro\/ro\/oua-umplute\/\" title=\"Oua umplute\">Oua umplute<\/a>\n                            <\/h3>\n                            <div class=\"post-excerpt row\">\n                                <p>\n\n\n\n\n\n\n\n\n\n\n<h3 data-start=\"164\" data-end=\"227\"><strong data-start=\"168\" data-end=\"227\">Ou\u0103 Umplute cu Toma \u2013 Tradi\u021bie Montan\u0103, Gust Des\u0103v\u00e2r\u0219it<\/strong><\/h3><br><p data-start=\"229\" data-end=\"517\">Ast\u0103zi vreau s\u0103 v\u0103 povestesc despre<\/p>\n                            <\/div>\n                          <\/div>\n\n\n\n                          <\/div>\n\n                          \n\n                        <\/div>\n                      <\/article>\n                    <\/div><div class=\"vc_col-sm-6\">\n                      <article class=\"single-post list-view\">\n                        <div class=\"blog_custom\">\n\n\n                          <!-- POST THUMBNAIL -->\n                          <div class=\"col-md-12 post-thumbnail\">\n                              <a class=\"relative\" href=\"https:\/\/bucatarulcetatii.ro\/ro\/pizza-cu-pastrav\/\"><img decoding=\"async\" class=\"blog_post_image\" src=\"https:\/\/bucatarulcetatii.ro\/wp-content\/uploads\/2025\/11\/Pizza-cu-pastrav-cu-Toma-625x375.png\" alt=\"Pizza cu pastrav\" \/><\/a>\n                          <\/div>\n\n                          <!-- POST DETAILS -->\n                          <div class=\"post-details col-md-12\">\n\n                          <div class=\"title-n-excerpt\"><h3 class=\"post-name row\">\n                              <a href=\"https:\/\/bucatarulcetatii.ro\/ro\/pizza-cu-pastrav\/\" title=\"Pizza cu pastrav\">Pizza cu pastrav<\/a>\n                            <\/h3>\n                            <div class=\"post-excerpt row\">\n                                <p>\n\n\n\n\n\n\n\n\n\n\n<p><br><\/p>\n\n\n\n<strong>Pizza cu p\u0103str\u0103v \u2013 c\u00e2nd muntele se \u00eent\u00e2lne\u0219te cu cuptorul \u00eencins<\/strong>.<br><br>Dragi prieteni ai Cet\u0103\u021bii \u0219i iubitori de gusturi adev\u0103rate,<br>O re\u021bet\u0103<\/p>\n                            <\/div>\n                          <\/div>\n\n\n\n                          <\/div>\n\n                          \n\n                        <\/div>\n                      <\/article>\n                    <\/div><div class=\"vc_col-sm-6\">\n                      <article class=\"single-post list-view\">\n                        <div class=\"blog_custom\">\n\n\n                          <!-- POST THUMBNAIL -->\n                          <div class=\"col-md-12 post-thumbnail\">\n                              <a class=\"relative\" href=\"https:\/\/bucatarulcetatii.ro\/ro\/hot-dog-cu-cremvursti-de-vita\/\"><img decoding=\"async\" class=\"blog_post_image\" src=\"https:\/\/bucatarulcetatii.ro\/wp-content\/uploads\/2025\/11\/Hot-dog-cu-cremvursti-de-vita-cu-Toma-625x375.png\" alt=\"Hot dog cu cremvursti de vita\" \/><\/a>\n                          <\/div>\n\n                          <!-- POST DETAILS -->\n                          <div class=\"post-details col-md-12\">\n\n                          <div class=\"title-n-excerpt\"><h3 class=\"post-name row\">\n                              <a href=\"https:\/\/bucatarulcetatii.ro\/ro\/hot-dog-cu-cremvursti-de-vita\/\" title=\"Hot dog cu cremvursti de vita\">Hot dog cu cremvursti de<\/a>\n                            <\/h3>\n                            <div class=\"post-excerpt row\">\n                                <p>\n\n\n\n\n\n\n\n\n\n\n<p><br><\/p>\n\n\n\n<strong>Hot Dog cu Crenvur\u0219ti de Vit\u0103 \u2013 Simplitate urban\u0103 cu gust montan autentic<\/strong><br><br>Pentru mine, hot dogul nu e doar un<\/p>\n                            <\/div>\n                          <\/div>\n\n\n\n                          <\/div>\n\n                          \n\n                        <\/div>\n                      <\/article>\n                    <\/div><\/div><\/div><\/div><\/div><\/div><\/div><\/div><\/div><\/div><\/div><div class=\"vc_row-full-width vc_clearfix\"><\/div>\n<\/div>","protected":false},"excerpt":{"rendered":"Din buc\u0103t\u0103rieGusturi autentice ren\u0103scute \u00een inima Cet\u0103\u021bii Alba Iulia, preg\u0103tite de Buc\u0103tarul Cet\u0103\u021bii cu pasiune \u0219i tradi\u021bie.Categories:Preparate cu carne5 PostsRetete rapide5 PostsDesert1 Posts Burger Burgerul meu [...]","protected":false},"author":1,"featured_media":0,"parent":0,"menu_order":0,"comment_status":"closed","ping_status":"closed","template":"","meta":{"pagelayer_contact_templates":[],"_pagelayer_content":"","footnotes":""},"class_list":["post-20944","page","type-page","status-publish","hentry"],"_links":{"self":[{"href":"https:\/\/bucatarulcetatii.ro\/ro\/wp-json\/wp\/v2\/pages\/20944","targetHints":{"allow":["GET"]}}],"collection":[{"href":"https:\/\/bucatarulcetatii.ro\/ro\/wp-json\/wp\/v2\/pages"}],"about":[{"href":"https:\/\/bucatarulcetatii.ro\/ro\/wp-json\/wp\/v2\/types\/page"}],"author":[{"embeddable":true,"href":"https:\/\/bucatarulcetatii.ro\/ro\/wp-json\/wp\/v2\/users\/1"}],"replies":[{"embeddable":true,"href":"https:\/\/bucatarulcetatii.ro\/ro\/wp-json\/wp\/v2\/comments?post=20944"}],"version-history":[{"count":3,"href":"https:\/\/bucatarulcetatii.ro\/ro\/wp-json\/wp\/v2\/pages\/20944\/revisions"}],"predecessor-version":[{"id":21481,"href":"https:\/\/bucatarulcetatii.ro\/ro\/wp-json\/wp\/v2\/pages\/20944\/revisions\/21481"}],"wp:attachment":[{"href":"https:\/\/bucatarulcetatii.ro\/ro\/wp-json\/wp\/v2\/media?parent=20944"}],"curies":[{"name":"wp","href":"https:\/\/api.w.org\/{rel}","templated":true}]}}