{"id":21261,"date":"2025-10-28T22:02:29","date_gmt":"2025-10-28T22:02:29","guid":{"rendered":"https:\/\/bucatarulcetatii.ro\/?page_id=21261"},"modified":"2025-10-31T14:19:41","modified_gmt":"2025-10-31T14:19:41","slug":"retete","status":"publish","type":"page","link":"https:\/\/bucatarulcetatii.ro\/ro\/retete\/","title":{"rendered":"Retete"},"content":{"rendered":"<div class=\"wpb-content-wrapper\"><div class=\"vc_row wpb_row vc_row-fluid wpb_animate_when_almost_visible wpb_fadeIn fadeIn vc_custom_1582120465038\"><div class=\"wpb_column vc_column_container vc_col-sm-12\"><div class=\"vc_column-inner\"><div class=\"wpb_wrapper\"><div class=\"title-subtile-holder  animateIn text_center\" data-animate=\"no_animation\"><h1 style=\"color: #3a3a3a;\" class=\"section-title custom_color\">G\u0103se\u0219te categoria preferat\u0103<\/h1><p style=\"color: #808080;\" class=\"section-subtitle custom_color\">Re\u021betele Buc\u0103tarului Cet\u0103\u021bii reprezint\u0103 \u00eembinarea perfect\u0103 \u00eentre tradi\u021bia culinar\u0103 a zonei \u0219i tehnicile moderne de g\u0103tit.<\/p><\/div><div class=\"vc_empty_space\"   style=\"height: 45px\"><span class=\"vc_empty_space_inner\"><\/span><\/div><\/div><\/div><\/div><\/div><div class=\"vc_row wpb_row vc_row-fluid\"><div class=\"wpb_column vc_column_container vc_col-sm-4\"><div class=\"vc_column-inner\"><div class=\"wpb_wrapper\">\n\t<div  class=\"wpb_single_image wpb_content_element vc_align_left wpb_content_element wpb_animate_when_almost_visible wpb_fadeInUp fadeInUp\">\n\t\t<h2 class=\"wpb_heading wpb_singleimage_heading\">M\u00e2ncare g\u0103tit\u0103 clasic\u0103<\/h2>\n\t\t<figure class=\"wpb_wrapper vc_figure\">\n\t\t\t<a href=\"https:\/\/bucatarulcetatii.ro\/ro\/mancare-gatita-clasica\/\" target=\"_self\" class=\"vc_single_image-wrapper vc_box_rounded  vc_box_border_grey\"><img loading=\"lazy\" decoding=\"async\" width=\"1400\" height=\"1011\" src=\"https:\/\/bucatarulcetatii.ro\/wp-content\/uploads\/2019\/01\/recipes-29-2.jpg\" class=\"vc_single_image-img attachment-full\" alt=\"\" title=\"recipes-29\" srcset=\"https:\/\/bucatarulcetatii.ro\/wp-content\/uploads\/2019\/01\/recipes-29-2.jpg 1400w, https:\/\/bucatarulcetatii.ro\/wp-content\/uploads\/2019\/01\/recipes-29-2-300x217.jpg 300w, https:\/\/bucatarulcetatii.ro\/wp-content\/uploads\/2019\/01\/recipes-29-2-1024x739.jpg 1024w, https:\/\/bucatarulcetatii.ro\/wp-content\/uploads\/2019\/01\/recipes-29-2-768x555.jpg 768w, https:\/\/bucatarulcetatii.ro\/wp-content\/uploads\/2019\/01\/recipes-29-2-600x433.jpg 600w\" sizes=\"auto, (max-width: 1400px) 100vw, 1400px\" \/><\/a>\n\t\t<\/figure>\n\t<\/div>\n<\/div><\/div><\/div><div class=\"wpb_column vc_column_container vc_col-sm-4\"><div class=\"vc_column-inner\"><div class=\"wpb_wrapper\">\n\t<div  class=\"wpb_single_image wpb_content_element vc_align_left wpb_content_element wpb_animate_when_almost_visible wpb_fadeInUp fadeInUp\">\n\t\t<h2 class=\"wpb_heading wpb_singleimage_heading\">M\u00e2ncare g\u0103tit\u0103 rapid\u0103<\/h2>\n\t\t<figure class=\"wpb_wrapper vc_figure\">\n\t\t\t<a href=\"https:\/\/bucatarulcetatii.ro\/ro\/mancare-gatita-rapida\/\" target=\"_self\" class=\"vc_single_image-wrapper vc_box_rounded  vc_box_border_grey\"><img loading=\"lazy\" decoding=\"async\" width=\"1400\" height=\"1011\" src=\"https:\/\/bucatarulcetatii.ro\/wp-content\/uploads\/2019\/02\/recipes-14-2.jpg\" class=\"vc_single_image-img attachment-full\" alt=\"\" title=\"recipes-14\" srcset=\"https:\/\/bucatarulcetatii.ro\/wp-content\/uploads\/2019\/02\/recipes-14-2.jpg 1400w, https:\/\/bucatarulcetatii.ro\/wp-content\/uploads\/2019\/02\/recipes-14-2-300x217.jpg 300w, https:\/\/bucatarulcetatii.ro\/wp-content\/uploads\/2019\/02\/recipes-14-2-1024x739.jpg 1024w, https:\/\/bucatarulcetatii.ro\/wp-content\/uploads\/2019\/02\/recipes-14-2-768x555.jpg 768w, https:\/\/bucatarulcetatii.ro\/wp-content\/uploads\/2019\/02\/recipes-14-2-600x433.jpg 600w\" sizes=\"auto, (max-width: 1400px) 100vw, 1400px\" \/><\/a>\n\t\t<\/figure>\n\t<\/div>\n<\/div><\/div><\/div><div class=\"wpb_column vc_column_container vc_col-sm-4\"><div class=\"vc_column-inner\"><div class=\"wpb_wrapper\">\n\t<div  class=\"wpb_single_image wpb_content_element vc_align_left wpb_content_element wpb_animate_when_almost_visible wpb_fadeInUp fadeInUp\">\n\t\t<h2 class=\"wpb_heading wpb_singleimage_heading\">Supe<\/h2>\n\t\t<figure class=\"wpb_wrapper vc_figure\">\n\t\t\t<a href=\"https:\/\/bucatarulcetatii.ro\/ro\/supe\/\" target=\"_self\" class=\"vc_single_image-wrapper vc_box_rounded  vc_box_border_grey\"><img loading=\"lazy\" decoding=\"async\" width=\"1400\" height=\"1011\" src=\"https:\/\/bucatarulcetatii.ro\/wp-content\/uploads\/2019\/02\/recipes-08-2.jpg\" class=\"vc_single_image-img attachment-full\" alt=\"\" title=\"recipes-08\" srcset=\"https:\/\/bucatarulcetatii.ro\/wp-content\/uploads\/2019\/02\/recipes-08-2.jpg 1400w, https:\/\/bucatarulcetatii.ro\/wp-content\/uploads\/2019\/02\/recipes-08-2-300x217.jpg 300w, https:\/\/bucatarulcetatii.ro\/wp-content\/uploads\/2019\/02\/recipes-08-2-1024x739.jpg 1024w, https:\/\/bucatarulcetatii.ro\/wp-content\/uploads\/2019\/02\/recipes-08-2-768x555.jpg 768w, https:\/\/bucatarulcetatii.ro\/wp-content\/uploads\/2019\/02\/recipes-08-2-600x433.jpg 600w\" sizes=\"auto, (max-width: 1400px) 100vw, 1400px\" \/><\/a>\n\t\t<\/figure>\n\t<\/div>\n<\/div><\/div><\/div><\/div><div class=\"vc_row wpb_row vc_row-fluid\"><div class=\"wpb_column vc_column_container vc_col-sm-6\"><div class=\"vc_column-inner\"><div class=\"wpb_wrapper\">\n\t<div  class=\"wpb_single_image wpb_content_element vc_align_left wpb_content_element wpb_animate_when_almost_visible wpb_fadeInUp fadeInUp\">\n\t\t<h2 class=\"wpb_heading wpb_singleimage_heading\">M\u00e2ncare rapid\u0103 (burgeri \/ gr\u0103tare)<\/h2>\n\t\t<figure class=\"wpb_wrapper vc_figure\">\n\t\t\t<a href=\"https:\/\/bucatarulcetatii.ro\/ro\/mancare-rapida-burgeri-gratare\/\" target=\"_self\" class=\"vc_single_image-wrapper vc_box_rounded  vc_box_border_grey\"><img loading=\"lazy\" decoding=\"async\" width=\"1400\" height=\"1011\" src=\"https:\/\/bucatarulcetatii.ro\/wp-content\/uploads\/2019\/10\/blogpost03-2.jpg\" class=\"vc_single_image-img attachment-full\" alt=\"\" title=\"blogpost03\" srcset=\"https:\/\/bucatarulcetatii.ro\/wp-content\/uploads\/2019\/10\/blogpost03-2.jpg 1400w, https:\/\/bucatarulcetatii.ro\/wp-content\/uploads\/2019\/10\/blogpost03-2-300x217.jpg 300w, https:\/\/bucatarulcetatii.ro\/wp-content\/uploads\/2019\/10\/blogpost03-2-1024x739.jpg 1024w, https:\/\/bucatarulcetatii.ro\/wp-content\/uploads\/2019\/10\/blogpost03-2-768x555.jpg 768w, https:\/\/bucatarulcetatii.ro\/wp-content\/uploads\/2019\/10\/blogpost03-2-600x433.jpg 600w\" sizes=\"auto, (max-width: 1400px) 100vw, 1400px\" \/><\/a>\n\t\t<\/figure>\n\t<\/div>\n<\/div><\/div><\/div><div class=\"wpb_column vc_column_container vc_col-sm-6\"><div class=\"vc_column-inner\"><div class=\"wpb_wrapper\">\n\t<div  class=\"wpb_single_image wpb_content_element vc_align_left wpb_content_element wpb_animate_when_almost_visible wpb_fadeInUp fadeInUp\">\n\t\t<h2 class=\"wpb_heading wpb_singleimage_heading\">Aperitiv \/ servit ca atare<\/h2>\n\t\t<figure class=\"wpb_wrapper vc_figure\">\n\t\t\t<a href=\"https:\/\/bucatarulcetatii.ro\/ro\/aperitiv-servit-ca-atare\/\" target=\"_self\" class=\"vc_single_image-wrapper vc_box_rounded  vc_box_border_grey\"><img loading=\"lazy\" decoding=\"async\" width=\"1400\" height=\"1011\" src=\"https:\/\/bucatarulcetatii.ro\/wp-content\/uploads\/2019\/02\/recipe-07-2.jpg\" class=\"vc_single_image-img attachment-full\" alt=\"\" title=\"recipe-07\" srcset=\"https:\/\/bucatarulcetatii.ro\/wp-content\/uploads\/2019\/02\/recipe-07-2.jpg 1400w, https:\/\/bucatarulcetatii.ro\/wp-content\/uploads\/2019\/02\/recipe-07-2-300x217.jpg 300w, https:\/\/bucatarulcetatii.ro\/wp-content\/uploads\/2019\/02\/recipe-07-2-1024x739.jpg 1024w, https:\/\/bucatarulcetatii.ro\/wp-content\/uploads\/2019\/02\/recipe-07-2-768x555.jpg 768w, https:\/\/bucatarulcetatii.ro\/wp-content\/uploads\/2019\/02\/recipe-07-2-600x433.jpg 600w\" sizes=\"auto, (max-width: 1400px) 100vw, 1400px\" \/><\/a>\n\t\t<\/figure>\n\t<\/div>\n<\/div><\/div><\/div><\/div>\n<\/div>","protected":false},"excerpt":{"rendered":"G\u0103se\u0219te categoria preferat\u0103Re\u021betele Buc\u0103tarului Cet\u0103\u021bii reprezint\u0103 \u00eembinarea perfect\u0103 \u00eentre tradi\u021bia culinar\u0103 a zonei \u0219i tehnicile moderne de g\u0103tit. M\u00e2ncare g\u0103tit\u0103 clasic\u0103 M\u00e2ncare g\u0103tit\u0103 rapid\u0103 Supe M\u00e2ncare [...]","protected":false},"author":1,"featured_media":0,"parent":0,"menu_order":0,"comment_status":"closed","ping_status":"closed","template":"","meta":{"pagelayer_contact_templates":[],"_pagelayer_content":"","footnotes":""},"class_list":["post-21261","page","type-page","status-publish","hentry"],"_links":{"self":[{"href":"https:\/\/bucatarulcetatii.ro\/ro\/wp-json\/wp\/v2\/pages\/21261","targetHints":{"allow":["GET"]}}],"collection":[{"href":"https:\/\/bucatarulcetatii.ro\/ro\/wp-json\/wp\/v2\/pages"}],"about":[{"href":"https:\/\/bucatarulcetatii.ro\/ro\/wp-json\/wp\/v2\/types\/page"}],"author":[{"embeddable":true,"href":"https:\/\/bucatarulcetatii.ro\/ro\/wp-json\/wp\/v2\/users\/1"}],"replies":[{"embeddable":true,"href":"https:\/\/bucatarulcetatii.ro\/ro\/wp-json\/wp\/v2\/comments?post=21261"}],"version-history":[{"count":17,"href":"https:\/\/bucatarulcetatii.ro\/ro\/wp-json\/wp\/v2\/pages\/21261\/revisions"}],"predecessor-version":[{"id":21328,"href":"https:\/\/bucatarulcetatii.ro\/ro\/wp-json\/wp\/v2\/pages\/21261\/revisions\/21328"}],"wp:attachment":[{"href":"https:\/\/bucatarulcetatii.ro\/ro\/wp-json\/wp\/v2\/media?parent=21261"}],"curies":[{"name":"wp","href":"https:\/\/api.w.org\/{rel}","templated":true}]}}