{"id":21293,"date":"2025-10-31T13:51:14","date_gmt":"2025-10-31T13:51:14","guid":{"rendered":"https:\/\/bucatarulcetatii.ro\/?page_id=21293"},"modified":"2025-10-31T14:15:09","modified_gmt":"2025-10-31T14:15:09","slug":"aperitiv-servit-ca-atare","status":"publish","type":"page","link":"https:\/\/bucatarulcetatii.ro\/ro\/aperitiv-servit-ca-atare\/","title":{"rendered":"Aperitiv servit ca atare"},"content":{"rendered":"<div class=\"wpb-content-wrapper\"><div class=\"vc_row wpb_row vc_row-fluid wpb_animate_when_almost_visible wpb_fadeIn fadeIn vc_custom_1582120465038\"><div class=\"wpb_column vc_column_container vc_col-sm-12\"><div class=\"vc_column-inner\"><div class=\"wpb_wrapper\"><div class=\"title-subtile-holder  animateIn text_center\" data-animate=\"no_animation\"><h1 style=\"color: #3A3A3A;\" class=\"section-title custom_color\"><\/h1><p style=\"color: #3A3A3A;\" class=\"section-subtitle custom_color\">Un aperitiv gata de savurat, perfect ca atare, f\u0103r\u0103 preparare suplimentar\u0103<\/p><\/div><div class=\"vc_empty_space\"   style=\"height: 45px\"><span class=\"vc_empty_space_inner\"><\/span><\/div><\/div><\/div><\/div><\/div><div class=\"vc_row wpb_row vc_row-fluid\">                  <div class=\"wpb_column vc_column_container vc_col-sm-12\"><div class=\"vc_column-inner\"><div class=\"wpb_wrapper\"><div id=\"mt_ico_filters_69e029023f09d\" class=\"iconfilter-shortcode-v2 second-version wow\"><div class=\"row\"><div class=\"foodhub-main-content\"><section class=\"foodhub-gallery\"><div class=\"col-md-12 iconfilter-listing\"><div class=\"ico-cat-parent big-parent\"><div class=\"col-md-4 row-3items  foodhub-single-list-item mix  Platou de mezeluri montane cu p\u00e2ine rustic\u0103 \u0219i mur\u0103turi de cas\u0103 aperitiv-servit-ca-atare\">\n\n                                <div class=\"blog_custom_listings\">\n                                 \n                                    <div class=\"listings_category_image_shortcode_holder\">\n                                        <a class=\"relative\" href=\"https:\/\/bucatarulcetatii.ro\/ro\/recipe\/platou-de-mezeluri-montane-cu-paine-rustica-si-muraturi-de-casa\/\"><img decoding=\"async\" class=\"blog_post_image\" src=\"https:\/\/bucatarulcetatii.ro\/wp-content\/uploads\/2019\/01\/shop-cookhat-2-500x300.jpg\" alt=\"Platou de mezeluri montane cu p\u00e2ine rustic\u0103 \u0219i mur\u0103turi de cas\u0103\" \/><\/a>\n                                        <div class=\"foodhub-details\">                                     \n                                          <div class=\"listings_details\">                                \n                                            <div class=\"foodhub-details-title\">\n                                                <h4 class=\"post-name-listings\"><a href=\"https:\/\/bucatarulcetatii.ro\/ro\/recipe\/platou-de-mezeluri-montane-cu-paine-rustica-si-muraturi-de-casa\/\">Platou de mezeluri montane<\/a> <\/h4>                             \n                                                <div class=\"clearfix\"><\/div>        \n                                            <\/div>\n                                          <\/div>\n                                        <\/div>\n                                     <\/div> \n                                <\/div>\n                            <\/div><div class=\"clearfix\"><\/div><\/div><\/div><\/section><\/div><\/div><\/div><\/div><\/div><\/div><\/div>\n<\/div>","protected":false},"excerpt":{"rendered":"Un aperitiv gata de savurat, perfect ca atare, f\u0103r\u0103 preparare suplimentar\u0103 Platou de mezeluri montane","protected":false},"author":1,"featured_media":0,"parent":0,"menu_order":0,"comment_status":"closed","ping_status":"closed","template":"","meta":{"pagelayer_contact_templates":[],"_pagelayer_content":"","footnotes":""},"class_list":["post-21293","page","type-page","status-publish","hentry"],"_links":{"self":[{"href":"https:\/\/bucatarulcetatii.ro\/ro\/wp-json\/wp\/v2\/pages\/21293","targetHints":{"allow":["GET"]}}],"collection":[{"href":"https:\/\/bucatarulcetatii.ro\/ro\/wp-json\/wp\/v2\/pages"}],"about":[{"href":"https:\/\/bucatarulcetatii.ro\/ro\/wp-json\/wp\/v2\/types\/page"}],"author":[{"embeddable":true,"href":"https:\/\/bucatarulcetatii.ro\/ro\/wp-json\/wp\/v2\/users\/1"}],"replies":[{"embeddable":true,"href":"https:\/\/bucatarulcetatii.ro\/ro\/wp-json\/wp\/v2\/comments?post=21293"}],"version-history":[{"count":8,"href":"https:\/\/bucatarulcetatii.ro\/ro\/wp-json\/wp\/v2\/pages\/21293\/revisions"}],"predecessor-version":[{"id":21321,"href":"https:\/\/bucatarulcetatii.ro\/ro\/wp-json\/wp\/v2\/pages\/21293\/revisions\/21321"}],"wp:attachment":[{"href":"https:\/\/bucatarulcetatii.ro\/ro\/wp-json\/wp\/v2\/media?parent=21293"}],"curies":[{"name":"wp","href":"https:\/\/api.w.org\/{rel}","templated":true}]}}