{"id":21300,"date":"2025-10-31T13:55:35","date_gmt":"2025-10-31T13:55:35","guid":{"rendered":"https:\/\/bucatarulcetatii.ro\/?page_id=21300"},"modified":"2025-10-31T14:15:44","modified_gmt":"2025-10-31T14:15:44","slug":"mancare-gatita-clasica","status":"publish","type":"page","link":"https:\/\/bucatarulcetatii.ro\/ro\/mancare-gatita-clasica\/","title":{"rendered":"M\u00e2ncare g\u0103tit\u0103 clasic\u0103"},"content":{"rendered":"<div class=\"wpb-content-wrapper\"><div class=\"vc_row wpb_row vc_row-fluid wpb_animate_when_almost_visible wpb_fadeIn fadeIn vc_custom_1582120465038\"><div class=\"wpb_column vc_column_container vc_col-sm-12\"><div class=\"vc_column-inner\"><div class=\"wpb_wrapper\"><div class=\"title-subtile-holder  animateIn text_center\" data-animate=\"no_animation\"><h1 style=\"color: #3A3A3A;\" class=\"section-title custom_color\"><\/h1><p style=\"color: #3A3A3A;\" class=\"section-subtitle custom_color\">Preparate tradi\u021bionale g\u0103tite clasic, cu arome autentice \u0219i gust ca acas\u0103<\/p><\/div><div class=\"vc_empty_space\"   style=\"height: 45px\"><span class=\"vc_empty_space_inner\"><\/span><\/div><\/div><\/div><\/div><\/div><div class=\"vc_row wpb_row vc_row-fluid\">                                                      <div class=\"wpb_column vc_column_container vc_col-sm-12\"><div class=\"vc_column-inner\"><div class=\"wpb_wrapper\"><div id=\"mt_ico_filters_69e027add287f\" class=\"iconfilter-shortcode-v2 second-version wow\"><div class=\"row\"><div class=\"foodhub-main-content\"><section class=\"foodhub-gallery\"><div class=\"col-md-12 iconfilter-listing\"><div class=\"ico-cat-parent big-parent\"><div class=\"col-md-4 row-3items  foodhub-single-list-item mix romaneasca Tart\u0103 rustic\u0103 cu ceap\u0103 caramelizat\u0103, bacon afumat \u0219i ca\u0219caval mancare-gatita-clasica\">\n\n                                <div class=\"blog_custom_listings\">\n                                 \n                                    <div class=\"listings_category_image_shortcode_holder\">\n                                        <a class=\"relative\" href=\"https:\/\/bucatarulcetatii.ro\/ro\/recipe\/tarta-rustica-cu-ceapa-caramelizata-bacon-afumat-si-cascaval\/\"><img decoding=\"async\" class=\"blog_post_image\" src=\"https:\/\/bucatarulcetatii.ro\/wp-content\/uploads\/2025\/10\/Tarta-cu-ceata-caramelizata-si-bacon2-500x300.png\" alt=\"Tart\u0103 rustic\u0103 cu ceap\u0103 caramelizat\u0103, bacon afumat \u0219i ca\u0219caval\" \/><\/a>\n                                        <div class=\"foodhub-details\">                                     \n                                          <div class=\"listings_details\">                                \n                                            <div class=\"foodhub-details-title\">\n                                                <h4 class=\"post-name-listings\"><a href=\"https:\/\/bucatarulcetatii.ro\/ro\/recipe\/tarta-rustica-cu-ceapa-caramelizata-bacon-afumat-si-cascaval\/\">Tart\u0103 rustic\u0103 cu ceap\u0103<\/a> <\/h4>                             \n                                                <div class=\"clearfix\"><\/div>        \n                                            <\/div>\n                                          <\/div>\n                                        <\/div>\n                                     <\/div> \n                                <\/div>\n                            <\/div><div class=\"col-md-4 row-3items  foodhub-single-list-item mix romaneasca Toc\u0103ni\u021b\u0103 de p\u0103str\u0103v cu m\u0103m\u0103lig\u0103 \u0219i br\u00e2nz\u0103 de burduf mancare-gatita-clasica\">\n\n                                <div class=\"blog_custom_listings\">\n                                 \n                                    <div class=\"listings_category_image_shortcode_holder\">\n                                        <a class=\"relative\" href=\"https:\/\/bucatarulcetatii.ro\/ro\/recipe\/tocanita-de-pastrav-cu-mamaliga-si-branza-de-burduf\/\"><img decoding=\"async\" class=\"blog_post_image\" src=\"https:\/\/bucatarulcetatii.ro\/wp-content\/uploads\/2025\/10\/Tocanita-de-pastrav-2-500x300.png\" alt=\"Toc\u0103ni\u021b\u0103 de p\u0103str\u0103v cu m\u0103m\u0103lig\u0103 \u0219i br\u00e2nz\u0103 de burduf\" \/><\/a>\n                                        <div class=\"foodhub-details\">                                     \n                                          <div class=\"listings_details\">                                \n                                            <div class=\"foodhub-details-title\">\n                                                <h4 class=\"post-name-listings\"><a href=\"https:\/\/bucatarulcetatii.ro\/ro\/recipe\/tocanita-de-pastrav-cu-mamaliga-si-branza-de-burduf\/\">Toc\u0103ni\u021b\u0103 de p\u0103str\u0103v cu<\/a> <\/h4>                             \n                                                <div class=\"clearfix\"><\/div>        \n                                            <\/div>\n                                          <\/div>\n                                        <\/div>\n                                     <\/div> \n                                <\/div>\n                            <\/div><div class=\"col-md-4 row-3items last_item_row foodhub-single-list-item mix  T\u0103i\u021bei de cas\u0103 cu crem\u0103 de br\u00e2nzeturi \u0219i felii de salam afumat mancare-gatita-clasica\">\n\n                                <div class=\"blog_custom_listings\">\n                                 \n                                    <div class=\"listings_category_image_shortcode_holder\">\n                                        <a class=\"relative\" href=\"https:\/\/bucatarulcetatii.ro\/ro\/recipe\/taitei-de-casa-cu-crema-de-branzeturi-si-felii-de-salam-afumat\/\"><img decoding=\"async\" class=\"blog_post_image\" src=\"https:\/\/bucatarulcetatii.ro\/wp-content\/uploads\/2025\/10\/taietei-de-casa-cu-salam-2-500x300.png\" alt=\"T\u0103i\u021bei de cas\u0103 cu crem\u0103 de br\u00e2nzeturi \u0219i felii de salam afumat\" \/><\/a>\n                                        <div class=\"foodhub-details\">                                     \n                                          <div class=\"listings_details\">                                \n                                            <div class=\"foodhub-details-title\">\n                                                <h4 class=\"post-name-listings\"><a href=\"https:\/\/bucatarulcetatii.ro\/ro\/recipe\/taitei-de-casa-cu-crema-de-branzeturi-si-felii-de-salam-afumat\/\">T\u0103i\u021bei de cas\u0103 cu<\/a> <\/h4>                             \n                                                <div class=\"clearfix\"><\/div>        \n                                            <\/div>\n                                          <\/div>\n                                        <\/div>\n                                     <\/div> \n                                <\/div>\n                            <\/div><div class=\"clearfix\"><\/div><\/div><\/div><\/section><\/div><\/div><\/div><\/div><\/div><\/div><\/div>\n<\/div>","protected":false},"excerpt":{"rendered":"Preparate tradi\u021bionale g\u0103tite clasic, cu arome autentice \u0219i gust ca acas\u0103 Tart\u0103 rustic\u0103 cu ceap\u0103 Toc\u0103ni\u021b\u0103 de p\u0103str\u0103v cu T\u0103i\u021bei de cas\u0103 cu","protected":false},"author":1,"featured_media":0,"parent":0,"menu_order":0,"comment_status":"closed","ping_status":"closed","template":"","meta":{"pagelayer_contact_templates":[],"_pagelayer_content":"","footnotes":""},"class_list":["post-21300","page","type-page","status-publish","hentry"],"_links":{"self":[{"href":"https:\/\/bucatarulcetatii.ro\/ro\/wp-json\/wp\/v2\/pages\/21300","targetHints":{"allow":["GET"]}}],"collection":[{"href":"https:\/\/bucatarulcetatii.ro\/ro\/wp-json\/wp\/v2\/pages"}],"about":[{"href":"https:\/\/bucatarulcetatii.ro\/ro\/wp-json\/wp\/v2\/types\/page"}],"author":[{"embeddable":true,"href":"https:\/\/bucatarulcetatii.ro\/ro\/wp-json\/wp\/v2\/users\/1"}],"replies":[{"embeddable":true,"href":"https:\/\/bucatarulcetatii.ro\/ro\/wp-json\/wp\/v2\/comments?post=21300"}],"version-history":[{"count":4,"href":"https:\/\/bucatarulcetatii.ro\/ro\/wp-json\/wp\/v2\/pages\/21300\/revisions"}],"predecessor-version":[{"id":21322,"href":"https:\/\/bucatarulcetatii.ro\/ro\/wp-json\/wp\/v2\/pages\/21300\/revisions\/21322"}],"wp:attachment":[{"href":"https:\/\/bucatarulcetatii.ro\/ro\/wp-json\/wp\/v2\/media?parent=21300"}],"curies":[{"name":"wp","href":"https:\/\/api.w.org\/{rel}","templated":true}]}}