{"id":21304,"date":"2025-10-31T13:58:00","date_gmt":"2025-10-31T13:58:00","guid":{"rendered":"https:\/\/bucatarulcetatii.ro\/?page_id=21304"},"modified":"2025-10-31T14:16:16","modified_gmt":"2025-10-31T14:16:16","slug":"mancare-gatita-rapida","status":"publish","type":"page","link":"https:\/\/bucatarulcetatii.ro\/ro\/mancare-gatita-rapida\/","title":{"rendered":"M\u00e2ncare g\u0103tit\u0103 rapid\u0103"},"content":{"rendered":"<div class=\"wpb-content-wrapper\"><div class=\"vc_row wpb_row vc_row-fluid wpb_animate_when_almost_visible wpb_fadeIn fadeIn vc_custom_1582120465038\"><div class=\"wpb_column vc_column_container vc_col-sm-12\"><div class=\"vc_column-inner\"><div class=\"wpb_wrapper\"><div class=\"title-subtile-holder  animateIn text_center\" data-animate=\"no_animation\"><h1 style=\"color: #3A3A3A;\" class=\"section-title custom_color\"><\/h1><p style=\"color: #3A3A3A;\" class=\"section-subtitle custom_color\">Preparate g\u0103tite rapid, ideale pentru mese gustoase f\u0103r\u0103 a\u0219teptare<\/p><\/div><div class=\"vc_empty_space\"   style=\"height: 45px\"><span class=\"vc_empty_space_inner\"><\/span><\/div><\/div><\/div><\/div><\/div><div class=\"vc_row wpb_row vc_row-fluid\">                                    <div class=\"wpb_column vc_column_container vc_col-sm-12\"><div class=\"vc_column-inner\"><div class=\"wpb_wrapper\"><div id=\"mt_ico_filters_69e0290343ad9\" class=\"iconfilter-shortcode-v2 second-version wow\"><div class=\"row\"><div class=\"foodhub-main-content\"><section class=\"foodhub-gallery\"><div class=\"col-md-12 iconfilter-listing\"><div class=\"ico-cat-parent big-parent\"><div class=\"col-md-6 row-2items  foodhub-single-list-item mix romaneasca Wrap de br\u00e2nz\u0103 de burduf, ro\u0219ii uscate \u0219i salam de v\u00e2nat mancare-gatita-rapida\">\n\n                                <div class=\"blog_custom_listings\">\n                                 \n                                    <div class=\"listings_category_image_shortcode_holder\">\n                                        <a class=\"relative\" href=\"https:\/\/bucatarulcetatii.ro\/ro\/recipe\/wrap-de-branza-de-burduf-rosii-uscate-si-salam-de-vanat\/\"><img decoding=\"async\" class=\"blog_post_image\" src=\"https:\/\/bucatarulcetatii.ro\/wp-content\/uploads\/2025\/10\/Wrap-de-branza-de-burduf-rosii-uscate-si-salam-de-vanat2-500x300.png\" alt=\"Wrap de br\u00e2nz\u0103 de burduf, ro\u0219ii uscate \u0219i salam de v\u00e2nat\" \/><\/a>\n                                        <div class=\"foodhub-details\">                                     \n                                          <div class=\"listings_details\">                                \n                                            <div class=\"foodhub-details-title\">\n                                                <h4 class=\"post-name-listings\"><a href=\"https:\/\/bucatarulcetatii.ro\/ro\/recipe\/wrap-de-branza-de-burduf-rosii-uscate-si-salam-de-vanat\/\">Wrap de br\u00e2nz\u0103 de<\/a> <\/h4>                             \n                                                <div class=\"clearfix\"><\/div>        \n                                            <\/div>\n                                          <\/div>\n                                        <\/div>\n                                     <\/div> \n                                <\/div>\n                            <\/div><div class=\"col-md-6 row-2items last_item_row foodhub-single-list-item mix  Salat\u0103 cald\u0103 de cartofi cu c\u00e2rn\u0103ciori afuma\u021bi, ceap\u0103 caramelizat\u0103 \u0219i br\u00e2nz\u0103 de capr\u0103 mancare-gatita-rapida\">\n\n                                <div class=\"blog_custom_listings\">\n                                 \n                                    <div class=\"listings_category_image_shortcode_holder\">\n                                        <a class=\"relative\" href=\"https:\/\/bucatarulcetatii.ro\/ro\/recipe\/salata-calda-de-cartofi-cu-carnaciori-afumati-ceapa-caramelizata-si-branza-de-capra\/\"><img decoding=\"async\" class=\"blog_post_image\" src=\"https:\/\/bucatarulcetatii.ro\/wp-content\/uploads\/2019\/01\/shop-cookhat-2-500x300.jpg\" alt=\"Salat\u0103 cald\u0103 de cartofi cu c\u00e2rn\u0103ciori afuma\u021bi, ceap\u0103 caramelizat\u0103 \u0219i br\u00e2nz\u0103 de capr\u0103\" \/><\/a>\n                                        <div class=\"foodhub-details\">                                     \n                                          <div class=\"listings_details\">                                \n                                            <div class=\"foodhub-details-title\">\n                                                <h4 class=\"post-name-listings\"><a href=\"https:\/\/bucatarulcetatii.ro\/ro\/recipe\/salata-calda-de-cartofi-cu-carnaciori-afumati-ceapa-caramelizata-si-branza-de-capra\/\">Salat\u0103 cald\u0103 de cartofi<\/a> <\/h4>                             \n                                                <div class=\"clearfix\"><\/div>        \n                                            <\/div>\n                                          <\/div>\n                                        <\/div>\n                                     <\/div> \n                                <\/div>\n                            <\/div><div class=\"clearfix\"><\/div><\/div><\/div><\/section><\/div><\/div><\/div><\/div><\/div><\/div><\/div>\n<\/div>","protected":false},"excerpt":{"rendered":"Preparate g\u0103tite rapid, ideale pentru mese gustoase f\u0103r\u0103 a\u0219teptare Wrap de br\u00e2nz\u0103 de Salat\u0103 cald\u0103 de cartofi","protected":false},"author":1,"featured_media":0,"parent":0,"menu_order":0,"comment_status":"closed","ping_status":"closed","template":"","meta":{"pagelayer_contact_templates":[],"_pagelayer_content":"","footnotes":""},"class_list":["post-21304","page","type-page","status-publish","hentry"],"_links":{"self":[{"href":"https:\/\/bucatarulcetatii.ro\/ro\/wp-json\/wp\/v2\/pages\/21304","targetHints":{"allow":["GET"]}}],"collection":[{"href":"https:\/\/bucatarulcetatii.ro\/ro\/wp-json\/wp\/v2\/pages"}],"about":[{"href":"https:\/\/bucatarulcetatii.ro\/ro\/wp-json\/wp\/v2\/types\/page"}],"author":[{"embeddable":true,"href":"https:\/\/bucatarulcetatii.ro\/ro\/wp-json\/wp\/v2\/users\/1"}],"replies":[{"embeddable":true,"href":"https:\/\/bucatarulcetatii.ro\/ro\/wp-json\/wp\/v2\/comments?post=21304"}],"version-history":[{"count":2,"href":"https:\/\/bucatarulcetatii.ro\/ro\/wp-json\/wp\/v2\/pages\/21304\/revisions"}],"predecessor-version":[{"id":21323,"href":"https:\/\/bucatarulcetatii.ro\/ro\/wp-json\/wp\/v2\/pages\/21304\/revisions\/21323"}],"wp:attachment":[{"href":"https:\/\/bucatarulcetatii.ro\/ro\/wp-json\/wp\/v2\/media?parent=21304"}],"curies":[{"name":"wp","href":"https:\/\/api.w.org\/{rel}","templated":true}]}}