{"id":21306,"date":"2025-10-31T13:59:19","date_gmt":"2025-10-31T13:59:19","guid":{"rendered":"https:\/\/bucatarulcetatii.ro\/?page_id=21306"},"modified":"2025-10-31T14:14:15","modified_gmt":"2025-10-31T14:14:15","slug":"mancare-rapida-burgeri-gratare","status":"publish","type":"page","link":"https:\/\/bucatarulcetatii.ro\/ro\/mancare-rapida-burgeri-gratare\/","title":{"rendered":"M\u00e2ncare rapid\u0103 (burgeri \/ gr\u0103tare)"},"content":{"rendered":"<div class=\"wpb-content-wrapper\"><div class=\"vc_row wpb_row vc_row-fluid wpb_animate_when_almost_visible wpb_fadeIn fadeIn vc_custom_1582120465038\"><div class=\"wpb_column vc_column_container vc_col-sm-12\"><div class=\"vc_column-inner\"><div class=\"wpb_wrapper\"><div class=\"title-subtile-holder  animateIn text_center\" data-animate=\"no_animation\"><h1 style=\"color: #3A3A3A;\" class=\"section-title custom_color\"><\/h1><p style=\"color: #3A3A3A;\" class=\"section-subtitle custom_color\">Preparare rapid\u0103, arome puternice \u2013 burgeri \u0219i gr\u0103tare perfecte pentru orice foame<\/p><\/div><div class=\"vc_empty_space\"   style=\"height: 45px\"><span class=\"vc_empty_space_inner\"><\/span><\/div><\/div><\/div><\/div><\/div><div class=\"vc_row wpb_row vc_row-fluid\">                                                      <div class=\"wpb_column vc_column_container vc_col-sm-12\"><div class=\"vc_column-inner\"><div class=\"wpb_wrapper\"><div id=\"mt_ico_filters_69e028fe09e2b\" class=\"iconfilter-shortcode-v2 second-version wow\"><div class=\"row\"><div class=\"foodhub-main-content\"><section class=\"foodhub-gallery\"><div class=\"col-md-12 iconfilter-listing\"><div class=\"ico-cat-parent big-parent\"><div class=\"col-md-4 row-3items  foodhub-single-list-item mix romaneasca Gr\u0103tar mixt de mezeluri \u2013 c\u00e2rn\u0103ciori, pastram\u0103 \u0219i sl\u0103nin\u0103 afumat\u0103 mancare-rapida-burgeri-gratare\">\n\n                                <div class=\"blog_custom_listings\">\n                                 \n                                    <div class=\"listings_category_image_shortcode_holder\">\n                                        <a class=\"relative\" href=\"https:\/\/bucatarulcetatii.ro\/ro\/recipe\/gratar-mixt-de-mezeluri-carnaciori-pastrama-si-slanina-afumata\/\"><img decoding=\"async\" class=\"blog_post_image\" src=\"https:\/\/bucatarulcetatii.ro\/wp-content\/uploads\/2025\/10\/gratar-mixt-500x300.png\" alt=\"Gr\u0103tar mixt de mezeluri \u2013 c\u00e2rn\u0103ciori, pastram\u0103 \u0219i sl\u0103nin\u0103 afumat\u0103\" \/><\/a>\n                                        <div class=\"foodhub-details\">                                     \n                                          <div class=\"listings_details\">                                \n                                            <div class=\"foodhub-details-title\">\n                                                <h4 class=\"post-name-listings\"><a href=\"https:\/\/bucatarulcetatii.ro\/ro\/recipe\/gratar-mixt-de-mezeluri-carnaciori-pastrama-si-slanina-afumata\/\">Gr\u0103tar mixt de mezeluri<\/a> <\/h4>                             \n                                                <div class=\"clearfix\"><\/div>        \n                                            <\/div>\n                                          <\/div>\n                                        <\/div>\n                                     <\/div> \n                                <\/div>\n                            <\/div><div class=\"col-md-4 row-3items  foodhub-single-list-item mix  Grill de p\u0103str\u0103v cu ierburi aromate, p\u00e2ine cu m\u0103sline \u0219i br\u00e2nz\u0103 proasp\u0103t\u0103 mancare-rapida-burgeri-gratare\">\n\n                                <div class=\"blog_custom_listings\">\n                                 \n                                    <div class=\"listings_category_image_shortcode_holder\">\n                                        <a class=\"relative\" href=\"https:\/\/bucatarulcetatii.ro\/ro\/recipe\/grill-de-pastrav-cu-ierburi-aromate-paine-cu-masline-si-branza-proaspata\/\"><img decoding=\"async\" class=\"blog_post_image\" src=\"https:\/\/bucatarulcetatii.ro\/wp-content\/uploads\/2025\/10\/cas-cami-loman3-500x300.png\" alt=\"Grill de p\u0103str\u0103v cu ierburi aromate, p\u00e2ine cu m\u0103sline \u0219i br\u00e2nz\u0103 proasp\u0103t\u0103\" \/><\/a>\n                                        <div class=\"foodhub-details\">                                     \n                                          <div class=\"listings_details\">                                \n                                            <div class=\"foodhub-details-title\">\n                                                <h4 class=\"post-name-listings\"><a href=\"https:\/\/bucatarulcetatii.ro\/ro\/recipe\/grill-de-pastrav-cu-ierburi-aromate-paine-cu-masline-si-branza-proaspata\/\">Grill de p\u0103str\u0103v cu<\/a> <\/h4>                             \n                                                <div class=\"clearfix\"><\/div>        \n                                            <\/div>\n                                          <\/div>\n                                        <\/div>\n                                     <\/div> \n                                <\/div>\n                            <\/div><div class=\"col-md-4 row-3items last_item_row foodhub-single-list-item mix  Burger gourmet de pastram\u0103 montan\u0103 cu p\u00e2ine de secar\u0103 \u0219i br\u00e2nz\u0103 maturat\u0103 mancare-rapida-burgeri-gratare\">\n\n                                <div class=\"blog_custom_listings\">\n                                 \n                                    <div class=\"listings_category_image_shortcode_holder\">\n                                        <a class=\"relative\" href=\"https:\/\/bucatarulcetatii.ro\/ro\/recipe\/burger-gourmet-de-pastrama-montana-cu-paine-de-secara-si-branza-maturata\/\"><img decoding=\"async\" class=\"blog_post_image\" src=\"https:\/\/bucatarulcetatii.ro\/wp-content\/uploads\/2019\/10\/blogpost03-2-500x300.jpg\" alt=\"Burger gourmet de pastram\u0103 montan\u0103 cu p\u00e2ine de secar\u0103 \u0219i br\u00e2nz\u0103 maturat\u0103\" \/><\/a>\n                                        <div class=\"foodhub-details\">                                     \n                                          <div class=\"listings_details\">                                \n                                            <div class=\"foodhub-details-title\">\n                                                <h4 class=\"post-name-listings\"><a href=\"https:\/\/bucatarulcetatii.ro\/ro\/recipe\/burger-gourmet-de-pastrama-montana-cu-paine-de-secara-si-branza-maturata\/\">Burger gourmet de pastram\u0103<\/a> <\/h4>                             \n                                                <div class=\"clearfix\"><\/div>        \n                                            <\/div>\n                                          <\/div>\n                                        <\/div>\n                                     <\/div> \n                                <\/div>\n                            <\/div><div class=\"clearfix\"><\/div><\/div><\/div><\/section><\/div><\/div><\/div><\/div><\/div><\/div><\/div>\n<\/div>","protected":false},"excerpt":{"rendered":"Preparare rapid\u0103, arome puternice \u2013 burgeri \u0219i gr\u0103tare perfecte pentru orice foame Gr\u0103tar mixt de mezeluri Grill de p\u0103str\u0103v cu Burger gourmet de pastram\u0103","protected":false},"author":1,"featured_media":0,"parent":0,"menu_order":0,"comment_status":"closed","ping_status":"closed","template":"","meta":{"pagelayer_contact_templates":[],"_pagelayer_content":"","footnotes":""},"class_list":["post-21306","page","type-page","status-publish","hentry"],"_links":{"self":[{"href":"https:\/\/bucatarulcetatii.ro\/ro\/wp-json\/wp\/v2\/pages\/21306","targetHints":{"allow":["GET"]}}],"collection":[{"href":"https:\/\/bucatarulcetatii.ro\/ro\/wp-json\/wp\/v2\/pages"}],"about":[{"href":"https:\/\/bucatarulcetatii.ro\/ro\/wp-json\/wp\/v2\/types\/page"}],"author":[{"embeddable":true,"href":"https:\/\/bucatarulcetatii.ro\/ro\/wp-json\/wp\/v2\/users\/1"}],"replies":[{"embeddable":true,"href":"https:\/\/bucatarulcetatii.ro\/ro\/wp-json\/wp\/v2\/comments?post=21306"}],"version-history":[{"count":3,"href":"https:\/\/bucatarulcetatii.ro\/ro\/wp-json\/wp\/v2\/pages\/21306\/revisions"}],"predecessor-version":[{"id":21319,"href":"https:\/\/bucatarulcetatii.ro\/ro\/wp-json\/wp\/v2\/pages\/21306\/revisions\/21319"}],"wp:attachment":[{"href":"https:\/\/bucatarulcetatii.ro\/ro\/wp-json\/wp\/v2\/media?parent=21306"}],"curies":[{"name":"wp","href":"https:\/\/api.w.org\/{rel}","templated":true}]}}