{"id":21308,"date":"2025-10-31T14:00:21","date_gmt":"2025-10-31T14:00:21","guid":{"rendered":"https:\/\/bucatarulcetatii.ro\/?page_id=21308"},"modified":"2025-10-31T14:16:48","modified_gmt":"2025-10-31T14:16:48","slug":"supe","status":"publish","type":"page","link":"https:\/\/bucatarulcetatii.ro\/ro\/supe\/","title":{"rendered":"Supe"},"content":{"rendered":"<div class=\"wpb-content-wrapper\"><div class=\"vc_row wpb_row vc_row-fluid wpb_animate_when_almost_visible wpb_fadeIn fadeIn vc_custom_1582120465038\"><div class=\"wpb_column vc_column_container vc_col-sm-12\"><div class=\"vc_column-inner\"><div class=\"wpb_wrapper\"><div class=\"title-subtile-holder  animateIn text_center\" data-animate=\"no_animation\"><h1 style=\"color: #3A3A3A;\" class=\"section-title custom_color\"><\/h1><p style=\"color: #3A3A3A;\" class=\"section-subtitle custom_color\">Supe delicioase, calde \u0219i pline de savoare, perfecte pentru orice mas\u0103<\/p><\/div><div class=\"vc_empty_space\"   style=\"height: 45px\"><span class=\"vc_empty_space_inner\"><\/span><\/div><\/div><\/div><\/div><\/div><div class=\"vc_row wpb_row vc_row-fluid\">                  <div class=\"wpb_column vc_column_container vc_col-sm-12\"><div class=\"vc_column-inner\"><div class=\"wpb_wrapper\"><div id=\"mt_ico_filters_69e025ccf3a3a\" class=\"iconfilter-shortcode-v2 second-version wow\"><div class=\"row\"><div class=\"foodhub-main-content\"><section class=\"foodhub-gallery\"><div class=\"col-md-12 iconfilter-listing\"><div class=\"ico-cat-parent big-parent\"><div class=\"col-md-4 row-3items  foodhub-single-list-item mix romaneasca Sup\u0103 crem\u0103 de br\u00e2nzeturi cu crutoane \u0219i salam picant supe\">\n\n                                <div class=\"blog_custom_listings\">\n                                 \n                                    <div class=\"listings_category_image_shortcode_holder\">\n                                        <a class=\"relative\" href=\"https:\/\/bucatarulcetatii.ro\/ro\/recipe\/supa-crema-de-branzeturi-cu-crutoane-si-salam-picant\/\"><img decoding=\"async\" class=\"blog_post_image\" src=\"https:\/\/bucatarulcetatii.ro\/wp-content\/uploads\/2025\/10\/Supa-crema-de-branzeturi-cu-crutoane-si-salam-picant3-500x300.png\" alt=\"Sup\u0103 crem\u0103 de br\u00e2nzeturi cu crutoane \u0219i salam picant\" \/><\/a>\n                                        <div class=\"foodhub-details\">                                     \n                                          <div class=\"listings_details\">                                \n                                            <div class=\"foodhub-details-title\">\n                                                <h4 class=\"post-name-listings\"><a href=\"https:\/\/bucatarulcetatii.ro\/ro\/recipe\/supa-crema-de-branzeturi-cu-crutoane-si-salam-picant\/\">Sup\u0103 crem\u0103 de br\u00e2nzeturi<\/a> <\/h4>                             \n                                                <div class=\"clearfix\"><\/div>        \n                                            <\/div>\n                                          <\/div>\n                                        <\/div>\n                                     <\/div> \n                                <\/div>\n                            <\/div><div class=\"clearfix\"><\/div><\/div><\/div><\/section><\/div><\/div><\/div><\/div><\/div><\/div><\/div>\n<\/div>","protected":false},"excerpt":{"rendered":"Supe delicioase, calde \u0219i pline de savoare, perfecte pentru orice mas\u0103 Sup\u0103 crem\u0103 de br\u00e2nzeturi","protected":false},"author":1,"featured_media":0,"parent":0,"menu_order":0,"comment_status":"closed","ping_status":"closed","template":"","meta":{"pagelayer_contact_templates":[],"_pagelayer_content":"","footnotes":""},"class_list":["post-21308","page","type-page","status-publish","hentry"],"_links":{"self":[{"href":"https:\/\/bucatarulcetatii.ro\/ro\/wp-json\/wp\/v2\/pages\/21308","targetHints":{"allow":["GET"]}}],"collection":[{"href":"https:\/\/bucatarulcetatii.ro\/ro\/wp-json\/wp\/v2\/pages"}],"about":[{"href":"https:\/\/bucatarulcetatii.ro\/ro\/wp-json\/wp\/v2\/types\/page"}],"author":[{"embeddable":true,"href":"https:\/\/bucatarulcetatii.ro\/ro\/wp-json\/wp\/v2\/users\/1"}],"replies":[{"embeddable":true,"href":"https:\/\/bucatarulcetatii.ro\/ro\/wp-json\/wp\/v2\/comments?post=21308"}],"version-history":[{"count":2,"href":"https:\/\/bucatarulcetatii.ro\/ro\/wp-json\/wp\/v2\/pages\/21308\/revisions"}],"predecessor-version":[{"id":21324,"href":"https:\/\/bucatarulcetatii.ro\/ro\/wp-json\/wp\/v2\/pages\/21308\/revisions\/21324"}],"wp:attachment":[{"href":"https:\/\/bucatarulcetatii.ro\/ro\/wp-json\/wp\/v2\/media?parent=21308"}],"curies":[{"name":"wp","href":"https:\/\/api.w.org\/{rel}","templated":true}]}}